{"id":99,"date":"2023-11-09T18:48:45","date_gmt":"2023-11-09T21:48:45","guid":{"rendered":"https:\/\/jmautos.com.ar\/?page_id=99"},"modified":"2024-10-24T10:43:24","modified_gmt":"2024-10-24T13:43:24","slug":"sobre-nosotros","status":"publish","type":"page","link":"https:\/\/jmautos.com.ar\/index.php\/sobre-nosotros\/","title":{"rendered":"Sobre Nosotros"},"content":{"rendered":"\n<figure class=\"wp-block-image alignfull size-large\"><img loading=\"lazy\" decoding=\"async\" width=\"1024\" height=\"267\" src=\"https:\/\/jmautos.com.ar\/wp-content\/uploads\/2024\/10\/medida-nueva-1024x267.png\" alt=\"\" class=\"wp-image-475\" srcset=\"https:\/\/jmautos.com.ar\/wp-content\/uploads\/2024\/10\/medida-nueva-1024x267.png 1024w, https:\/\/jmautos.com.ar\/wp-content\/uploads\/2024\/10\/medida-nueva-300x78.png 300w, https:\/\/jmautos.com.ar\/wp-content\/uploads\/2024\/10\/medida-nueva-768x200.png 768w, https:\/\/jmautos.com.ar\/wp-content\/uploads\/2024\/10\/medida-nueva-1536x400.png 1536w, https:\/\/jmautos.com.ar\/wp-content\/uploads\/2024\/10\/medida-nueva-1320x344.png 1320w, https:\/\/jmautos.com.ar\/wp-content\/uploads\/2024\/10\/medida-nueva-600x156.png 600w, https:\/\/jmautos.com.ar\/wp-content\/uploads\/2024\/10\/medida-nueva.png 1920w\" sizes=\"(max-width: 1024px) 100vw, 1024px\" \/><\/figure>\n\n\n\n<p class=\"has-text-align-center has-medium-font-size\" style=\"margin-top:0;margin-bottom:0;padding-top:0;padding-bottom:var(--wp--preset--spacing--80)\"><strong>Somos JmAutos, una concesionaria de autos usados establecida en Formosa capital con una trayectoria de mas de 9 a\u00f1os y mas de 100 autos vendidos.<\/strong><\/p>\n\n\n\n<h2 class=\"wp-block-heading\">Conoce Nuestra Historia<\/h2>\n\n\n\n<div class=\"wp-block-columns is-layout-flex wp-container-core-columns-is-layout-1 wp-block-columns-is-layout-flex\">\n<div class=\"wp-block-column is-layout-flow wp-block-column-is-layout-flow\" style=\"padding-top:0;padding-bottom:0;flex-basis:33.33%\">\n<p class=\"has-text-align-center has-medium-font-size\" style=\"margin-top:0;margin-bottom:0\">Somos JmAutos una concesionaria que tiene sus inicios en 2015, arrancado por su due\u00f1o Juan Manuel princich como vendedor independiente en el cual aprendio lo necesario para hoy dia ser una concesionaria ya establecida en Formosa Capital.<\/p>\n<\/div>\n\n\n\n<div class=\"wp-block-column is-layout-flow wp-block-column-is-layout-flow\" style=\"flex-basis:66.66%\">\n<figure class=\"wp-block-image aligncenter size-full is-resized\"><img loading=\"lazy\" decoding=\"async\" width=\"300\" height=\"250\" src=\"https:\/\/jmautos.com.ar\/wp-content\/uploads\/2024\/10\/Diseno-sin-titulo-1.png\" alt=\"\" class=\"wp-image-480\" style=\"width:348px;height:auto\"\/><\/figure>\n<\/div>\n<\/div>\n\n\n\n<h2 class=\"wp-block-heading\">Marcas Comercializadas<\/h2>\n\n\n\n<div class=\"wp-block-buttons is-layout-flex wp-block-buttons-is-layout-flex\"><\/div>\n\n\n\n<div class=\"wp-block-group alignwide is-layout-constrained wp-block-group-is-layout-constrained\">\n<div class=\"wp-block-buttons is-content-justification-center is-layout-flex wp-container-core-buttons-is-layout-2 wp-block-buttons-is-layout-flex\">\n<div class=\"wp-block-button is-style-outline\"><a class=\"wp-block-button__link has-ast-global-color-7-color has-ast-global-color-5-background-color has-text-color has-background has-link-color has-border-color has-ast-global-color-0-border-color wp-element-button\" href=\"https:\/\/jmautos.com.ar\/?s=chevrolet&amp;post_type=product\">CHEVROLET<\/a><\/div>\n\n\n\n<div class=\"wp-block-button is-style-outline\"><a class=\"wp-block-button__link has-black-color has-ast-global-color-5-background-color has-text-color has-background has-link-color has-border-color has-ast-global-color-0-border-color wp-element-button\" href=\"https:\/\/jmautos.com.ar\/?s=fiat&amp;post_type=product\">FIAT<\/a><\/div>\n\n\n\n<div class=\"wp-block-button is-style-outline\"><a class=\"wp-block-button__link has-black-color has-ast-global-color-5-background-color has-text-color has-background has-link-color has-border-color has-ast-global-color-0-border-color wp-element-button\" href=\"https:\/\/jmautos.com.ar\/?s=toyota&amp;post_type=product\">TOYOTA<\/a><\/div>\n\n\n\n<div class=\"wp-block-button is-style-outline\"><a class=\"wp-block-button__link has-black-color has-ast-global-color-5-background-color has-text-color has-background has-link-color has-border-color has-ast-global-color-0-border-color wp-element-button\" href=\"https:\/\/jmautos.com.ar\/?s=volkswagen&amp;post_type=product\">VOLKSWAGEN<\/a><\/div>\n\n\n\n<div class=\"wp-block-button is-style-outline\"><a class=\"wp-block-button__link has-black-color has-ast-global-color-5-background-color has-text-color has-background has-link-color has-border-color has-ast-global-color-0-border-color wp-element-button\" href=\"https:\/\/jmautos.com.ar\/index.php\/producto\/peugeot-407-2019\/\">PEUGEOT<\/a><\/div>\n<\/div>\n<\/div>\n\n\n\n<h2 class=\"wp-block-heading\">Expansi\u00f3n<\/h2>\n\n\n\n<div class=\"wp-block-columns is-layout-flex wp-container-core-columns-is-layout-2 wp-block-columns-is-layout-flex\">\n<div class=\"wp-block-column is-layout-flow wp-block-column-is-layout-flow\" style=\"flex-basis:33.33%\">\n<p class=\"has-text-align-center has-medium-font-size\" style=\"margin-top:0;margin-bottom:0\">Buscamos ser una de las primeras concesionarios del Nea y principalmente de Formosa en ofrecer el servicio diferenciado de poder ver y realizar la reserva de tu pr\u00f3ximo autom\u00f3vil completamente online atreves de nuestro sitio web.<\/p>\n<\/div>\n\n\n\n<div class=\"wp-block-column is-layout-flow wp-block-column-is-layout-flow\" style=\"flex-basis:66.66%\">\n<figure class=\"wp-block-image aligncenter size-full is-resized\"><img loading=\"lazy\" decoding=\"async\" width=\"300\" height=\"250\" src=\"https:\/\/jmautos.com.ar\/wp-content\/uploads\/2024\/10\/Diseno-sin-titulo-2.png\" alt=\"\" class=\"wp-image-489\" style=\"width:346px;height:auto\"\/><\/figure>\n<\/div>\n<\/div>\n\n\n\n<h2 class=\"wp-block-heading\">Como utilizar<\/h2>\n\n\n\n<div class=\"wp-block-columns is-layout-flex wp-container-core-columns-is-layout-3 wp-block-columns-is-layout-flex\" style=\"padding-top:var(--wp--preset--spacing--20);padding-bottom:var(--wp--preset--spacing--20)\">\n<div class=\"wp-block-column is-vertically-aligned-center is-layout-flow wp-block-column-is-layout-flow\" style=\"flex-basis:66.66%\">\n<ul>\n<li>Sitio web: Este sitio web esta creado con el finde de que el usuario final (cliente) pueda ver de forma online los autos disponibles de JmAutos y podes realizar la reserva del mismo.<\/li>\n<\/ul>\n\n\n\n<ul>\n<li>Reserva: La reserva consta del 5% del valor del veh\u00edculo. Con la misma se asegura que el auto elegido ya sea apartado. Este monto abonado en manera de reserva se descuenta del valor total del veh\u00edculo a la hora de finalizar la compra iniciada con esa reserva.<\/li>\n<\/ul>\n\n\n\n<ul>\n<li>Compra del veh\u00edculo: En este sitio web usted esta iniciando la compra de su veh\u00edculo atreves de la reserva. La misma se podr\u00e1 finalizar con el abono del saldo total del valor del veh\u00edculo ya sea de manera presencial (retirando en nuestra sucursal o recibi\u00e9ndolo por nuestro sistema de env\u00edos de metodolog\u00eda efulfillment).<\/li>\n\n\n\n<li>Entrega: Despu\u00e9s de realizada la reserva se elige el metodo de entrega, se podria optar por retirarlo en concesionaria o atrevez de nuestro sistema de envios efulfillment el cual consta de envios a todo el NEA informandole en cada instancia donde y como se encuentra el vehiculo hasta ser entregado.<\/li>\n\n\n\n<li>Pago todo del veh\u00edculo: Se realiza descontando la reserva hecha previamente y se puede abonar con los siguiente medios de pago: Efectivo, Tarjeta debito, Tarjeta Cr\u00e9dito, Transferencia.<\/li>\n\n\n\n<li>Para ver la informacion completa visitiar <a href=\"https:\/\/jmautos.com.ar\/index.php\/terminos-y-condiciones\/\" data-type=\"page\" data-id=\"100\">Termino y Condiciones.<\/a><\/li>\n<\/ul>\n<\/div>\n\n\n\n<div class=\"wp-block-column is-layout-flow wp-block-column-is-layout-flow\" style=\"flex-basis:33.33%\">\n<figure class=\"wp-block-image size-full\"><img loading=\"lazy\" decoding=\"async\" width=\"300\" height=\"600\" src=\"https:\/\/jmautos.com.ar\/wp-content\/uploads\/2024\/10\/Diseno-sin-titulo-3-2.png\" alt=\"\" class=\"wp-image-578\" srcset=\"https:\/\/jmautos.com.ar\/wp-content\/uploads\/2024\/10\/Diseno-sin-titulo-3-2.png 300w, https:\/\/jmautos.com.ar\/wp-content\/uploads\/2024\/10\/Diseno-sin-titulo-3-2-150x300.png 150w\" sizes=\"(max-width: 300px) 100vw, 300px\" \/><\/figure>\n<\/div>\n<\/div>\n","protected":false},"excerpt":{"rendered":"<p>Somos JmAutos, una concesionaria de autos usados establecida en Formosa capital con una trayectoria de mas de 9 a\u00f1os y mas de 100 autos vendidos. Conoce Nuestra Historia Somos JmAutos una concesionaria que tiene sus inicios en 2015, arrancado por su due\u00f1o Juan Manuel princich como vendedor independiente en el cual aprendio lo necesario para &hellip;<\/p>\n<p class=\"read-more\"> <a class=\"\" href=\"https:\/\/jmautos.com.ar\/index.php\/sobre-nosotros\/\"> <span class=\"screen-reader-text\">Sobre Nosotros<\/span> Leer m\u00e1s &raquo;<\/a><\/p>\n","protected":false},"author":1,"featured_media":0,"parent":0,"menu_order":0,"comment_status":"closed","ping_status":"closed","template":"","meta":{"site-sidebar-layout":"default","site-content-layout":"","ast-site-content-layout":"","site-content-style":"default","site-sidebar-style":"default","ast-global-header-display":"","ast-banner-title-visibility":"","ast-main-header-display":"","ast-hfb-above-header-display":"","ast-hfb-below-header-display":"","ast-hfb-mobile-header-display":"","site-post-title":"disabled","ast-breadcrumbs-content":"","ast-featured-img":"","footer-sml-layout":"","theme-transparent-header-meta":"","adv-header-id-meta":"","stick-header-meta":"","header-above-stick-meta":"","header-main-stick-meta":"","header-below-stick-meta":"","astra-migrate-meta-layouts":"","ast-page-background-enabled":"default","ast-page-background-meta":{"desktop":{"background-color":"var(--ast-global-color-4)","background-image":"","background-repeat":"repeat","background-position":"center center","background-size":"auto","background-attachment":"scroll","background-type":"","background-media":"","overlay-type":"","overlay-color":"","overlay-gradient":""},"tablet":{"background-color":"","background-image":"","background-repeat":"repeat","background-position":"center center","background-size":"auto","background-attachment":"scroll","background-type":"","background-media":"","overlay-type":"","overlay-color":"","overlay-gradient":""},"mobile":{"background-color":"","background-image":"","background-repeat":"repeat","background-position":"center center","background-size":"auto","background-attachment":"scroll","background-type":"","background-media":"","overlay-type":"","overlay-color":"","overlay-gradient":""}},"ast-content-background-meta":{"desktop":{"background-color":"var(--ast-global-color-5)","background-image":"","background-repeat":"repeat","background-position":"center center","background-size":"auto","background-attachment":"scroll","background-type":"","background-media":"","overlay-type":"","overlay-color":"","overlay-gradient":""},"tablet":{"background-color":"var(--ast-global-color-5)","background-image":"","background-repeat":"repeat","background-position":"center center","background-size":"auto","background-attachment":"scroll","background-type":"","background-media":"","overlay-type":"","overlay-color":"","overlay-gradient":""},"mobile":{"background-color":"var(--ast-global-color-5)","background-image":"","background-repeat":"repeat","background-position":"center center","background-size":"auto","background-attachment":"scroll","background-type":"","background-media":"","overlay-type":"","overlay-color":"","overlay-gradient":""}},"_joinchat":[],"footnotes":""},"_links":{"self":[{"href":"https:\/\/jmautos.com.ar\/index.php\/wp-json\/wp\/v2\/pages\/99"}],"collection":[{"href":"https:\/\/jmautos.com.ar\/index.php\/wp-json\/wp\/v2\/pages"}],"about":[{"href":"https:\/\/jmautos.com.ar\/index.php\/wp-json\/wp\/v2\/types\/page"}],"author":[{"embeddable":true,"href":"https:\/\/jmautos.com.ar\/index.php\/wp-json\/wp\/v2\/users\/1"}],"replies":[{"embeddable":true,"href":"https:\/\/jmautos.com.ar\/index.php\/wp-json\/wp\/v2\/comments?post=99"}],"version-history":[{"count":65,"href":"https:\/\/jmautos.com.ar\/index.php\/wp-json\/wp\/v2\/pages\/99\/revisions"}],"predecessor-version":[{"id":581,"href":"https:\/\/jmautos.com.ar\/index.php\/wp-json\/wp\/v2\/pages\/99\/revisions\/581"}],"wp:attachment":[{"href":"https:\/\/jmautos.com.ar\/index.php\/wp-json\/wp\/v2\/media?parent=99"}],"curies":[{"name":"wp","href":"https:\/\/api.w.org\/{rel}","templated":true}]}}